{"id":3025,"date":"2020-08-29T13:59:34","date_gmt":"2020-08-29T11:59:34","guid":{"rendered":"http:\/\/mosornypark.pl\/holzhuetten-in-den-bergen-mosorny-park\/"},"modified":"2020-09-14T13:11:55","modified_gmt":"2020-09-14T11:11:55","slug":"holzhuetten-in-den-bergen-mosorny-park","status":"publish","type":"page","link":"https:\/\/mosornypark.pl\/de\/holzhuetten-in-den-bergen-mosorny-park\/","title":{"rendered":"Holzh\u00fctten in den Bergen &#8211; Mosorny Park"},"content":{"rendered":"<p>\n          [vc_row][vc_column][vc_custom_heading text=&#8220;Alles, was Sie brauchen &#8230;. An einem Ort.&#8220; font_container=&#8220;tag:h2|text_align:center&#8220; google_fonts=&#8220;font_family:Montserrat%3Aregular%2C700|font_style:400%20regular%3A400%3Anormal&#8220;][stm_spacer height=&#8220;40&#8243; height_tablet=&#8220;30&#8243; height_mobile=&#8220;20&#8243;][\/vc_column][\/vc_row]<br \/>\n          [vc_row equal_height=&#8220;yes&#8220; content_placement=&#8220;middle&#8220; shadow_x_offset=&#8220;0&#8243; shadow_y_offset=&#8220;0&#8243; shadow_blur=&#8220;0&#8243; shadow_spread=&#8220;0&#8243;][vc_column shadow_x_offset=&#8220;0&#8243; shadow_y_offset=&#8220;0&#8243; shadow_blur=&#8220;0&#8243; shadow_spread=&#8220;0&#8243; shadow_color=&#8220;&#8220;][vc_column_text]<\/p>\n<div class=\"hops__personalised-description js-host-info__description\" dir=\"ltr\">\n<p data-ga-id=\"property\">Mosorny Park ist ein gro\u00dfartiger Ort, um f\u00fcr Familien mit Kindern, Freunden, organisierten Gruppen und Paare, die romantische Momente in den charmanten Beskiden zu verbringen.<\/p>\n<p data-ga-id=\"property\">Der Mosorny Park verf\u00fcgt \u00fcber Holzblockh\u00fctten mit einem Kamin und einer Terrasse. Jedes Haus verf\u00fcgt \u00fcber eine Garage und einen Parkplatz. Der Mosorny Park ist eingez\u00e4unt. Am Eingang befindet sich ein automatisches Tor, das per Fernbedienung ge\u00f6ffnet wird.<\/p>\n<p data-ga-id=\"property\">Die Cottages verf\u00fcgen \u00fcber eine voll ausgestattete Vollausgestattete K\u00fcche mit Geschirrsp\u00fcler, Induktionsherd, Backofen, Mikrowelle.<br \/>Im Erdgeschoss befindet sich ein Wohnzimmer mit einem separaten Essbereich f\u00fcr 6 Personen und einem Sitzbereich mit einem Flachbild-TV und einem Sofa, das in ein bequemes Doppelbett f\u00fcr die Nacht umgewandelt werden kann.<br \/>Dar\u00fcber hinaus befindet sich im Erdgeschoss ein gro\u00dfes Badezimmer mit einer Badewanne und einer Waschmaschine. Vom Wohnzimmer gibt es einen Ausgang zur ger\u00e4umigen Terrasse, wo Sie die Sonnenaufg\u00e4nge bewundern k\u00f6nnen.<\/p>\n<p data-ga-id=\"property\">Auf der Etage befinden sich 2 Schlafzimmer, jedes mit eigenem Bad. Ein Schlafzimmer hat ein Doppelbett und das andere hat zwei Einzelbetten. Die Schlafzimmer verf\u00fcgen \u00fcber Ausg\u00e4nge zu einem Balkon mit Bergblick.<\/p>\n<p data-ga-id=\"property\">Auf dem Gebiet des Mosorny Parks gibt es einen Kinderspielplatz mit Schaukeln, ein Ferienhaus mit Rutsche und Sandkasten, einen Platz zum Ausruhen und Grillen, einen Fitnessraum im Freien. Die Cottages verf\u00fcgen \u00fcber ein unabh\u00e4ngiges drahtloses, kostenloses Internet und Sat-TV.<\/p>\n<p data-ga-id=\"neighbourhood\">Von Zawoi sind es 40 km nach Zakopane, 30 km zu den Thermalb\u00e4dern in Bukowina und Biaka Tatra und 30 km zur slowakischen Grenze. Die Kirche im Centrum Zawoi liegt 3 km entfernt. Auch im Zentrum eine 24-Stunden-Tankstelle und Lebensmittelmarkt ge\u00f6ffnet bis 22.<\/p>\n<p data-ga-id=\"neighbourhood\">Wenn Sie mehr Attraktionen in der Umgebung wissen m\u00f6chten, besuchen Sie bitte den <a href=\"https:\/\/mosornypark.pl\/de\/interessante-fakten-tipps-neuigkeiten\/\">Abschnitt Trivia.<\/a> Dort finden Sie eine umfassende Beschreibung von Sehensw\u00fcrdigkeiten, interessanten Orten und vielen anderen n\u00fctzlichen Informationen.<\/p>\n<\/p><\/div>\n<p>[\/vc_column_text][\/vc_column][\/vc_row]<br \/>\n          [vc_row][vc_column][vc_column_text]<\/p>\n\n          \n\n          <div class=\"gosign-youtube-video-player fixedWidth youtube-clip\">\n            \n\n            <div class=\"inner-wrap\" style=\"width: 600px; height: 337.5px;\">\n              \n\n              <div class=\"containerWraper\" style=\"background: black;\">\n                \n\n                <div id=\"videoContainer1\" class=\"videoContainer\">\n                  <iframe src=\"https:\/\/www.youtube.com\/embed\/PtWFrB035YQ?autoplay=1&amp;loop=1&amp;playlist=PtWFrB035YQ&amp;rel=0\" width=\"600\" height=\"337.5\" frameborder=\"0\" allowfullscreen=\"allowfullscreen\"><\/iframe>\n                <\/div>\n                \n\n              <\/div>\n              \n\n            <\/div>\n            \n\n          <\/div>\n          \n\n          <p>\n        <p>[\/vc_column_text]<br \/>\n          [\/vc_column]<br \/>\n          [\/vc_row]<br \/>\n          [vc_row][vc_column][stm_spacer height=&#8220;80&#8243; height_tablet=&#8220;50&#8243; height_mobile=&#8220;30&#8243;][\/vc_column][\/vc_row]<br \/>\n          [vc_row][vc_column width=&#8220;1\/3&#8243;][vc_single_image image=&#8220;3041&#8243; img_size=&#8220;370&#215;450&#8243; alignment=&#8220;center&#8220; css_animation=&#8220;none&#8220;][stm_spacer height=&#8220;30&#8243; height_tablet=&#8220;20&#8243; height_mobile=&#8220;10&#8243;][\/vc_column][vc_column width=&#8220;1\/3&#8243;][vc_single_image image=&#8220;3086&#8243; img_size=&#8220;370&#215;450&#8243; alignment=&#8220;center&#8220;][stm_spacer height=&#8220;30&#8243; height_tablet=&#8220;20&#8243; height_mobile=&#8220;10&#8243;][\/vc_column][vc_column width=&#8220;1\/3&#8243;][vc_single_image image=&#8220;3125&#8243; img_size=&#8220;370&#215;450&#8243; alignment=&#8220;center&#8220;][stm_spacer height=&#8220;30&#8243; height_tablet=&#8220;20&#8243; height_mobile=&#8220;10&#8243;][\/vc_column][\/vc_row]<br \/>\n          [vc_row][vc_column][stm_spacer height=&#8220;40&#8243; height_tablet=&#8220;30&#8243; height_mobile=&#8220;20&#8243;][\/vc_column][\/vc_row]<br \/>\n          [vc_row full_width=&#8220;stretch_row&#8220; stm_parallax=&#8220;enable&#8220; shadow_x_offset=&#8220;0&#8243; shadow_y_offset=&#8220;0&#8243; shadow_blur=&#8220;0&#8243; shadow_spread=&#8220;0&#8243; shadow_color=&#8220;&#8220; css=&#8220;.vc_custom_1600080928430{margin-bottom: -60px !important;background-image: url(https:\/\/mosornypark.pl\/wp-content\/uploads\/2020\/07\/dsc4465.jpg?id=1649) !important;}&#8220; stm_transparent_bg=&#8220;rgba(17,17,17,0.5)&#8220; el_class=&#8220;parallax-about&#8220;][vc_column css_animation=&#8220;none&#8220; shadow_x_offset=&#8220;0&#8243; shadow_y_offset=&#8220;0&#8243; shadow_blur=&#8220;0&#8243; shadow_spread=&#8220;0&#8243; shadow_color=&#8220;&#8220; offset=&#8220;vc_col-lg-offset-2 vc_col-lg-8 vc_col-md-offset-2 vc_col-md-8 vc_col-xs-12&#8243;][stm_spacer height=&#8220;180&#8243; height_tablet=&#8220;120&#8243; height_mobile=&#8220;70&#8243;][vc_custom_heading text=&#8220;F\u00dcHLEN SIE FREIHEIT, KOMFORT UND RAUM&#8220; font_container=&#8220;tag:h3|font_size:40|text_align:center|color:%23ffffff|line_height:80px&#8220; use_theme_fonts=&#8220;yes&#8220; heading_icon=&#8220;stmicon-bell&#8220; heading_icon_color=&#8220;mtc&#8220; css=&#8220;.vc_custom_1595357681399{margin-bottom: 30px !important;}&#8220;][vc_column_text css=&#8220;.vc_custom_1595357713448{margin-bottom: 40px !important;}&#8220;]<\/p>\n<p>Warum warten. Planen Sie Ihre Reise jetzt. Kommen Sie nicht vor sich selbst. W\u00e4hlen Sie ein Ferienhaus f\u00fcr sich selbst.<br \/>[\/vc_column_text][vc_raw_js]JTNDYnV0dG9uJTIwb25jbGljayUzRCUyMmdlbmVyYXRlV2lkZ2V0SWRvU2VsbEJvb2tpbmclMjh0aGlzJTI5JTIyJTIwY2xhc3MlM0QlMjJpX2RvX3NlbGxfYm9va2luZ193aWRnZXRfc3RhcnQlMjIlMjBjdXJyZW5jeSUzRCUyMjAlMjIlMjBsYW5ndWFnZSUzRCUyMjAlMjIlMjBkYXRhLWNsaWVudCUzRCUyMjg4MTklMjIlMjBkYXRhLXNob3ctb3RoZXItb2JqZWN0cyUzRCUyMnRydWUlMjIlM0UlM0MlMkZidXR0b24lM0UlM0NzY3JpcHQlM0Vkb2N1bWVudC5hZGRFdmVudExpc3RlbmVyJTI4JTIyRE9NQ29udGVudExvYWRlZCUyMiUyQ2Z1bmN0aW9uJTI4ZXZlbnQlMjklN0JpYWlfYm9va2luZ19idXR0b24lMjglN0IlMjJsYW5nTmV3JTIyJTNBJTIyMCUyMiUyQyUyMmxhbmdJZENvZGVzJTIyJTNBJTdCJTIyMSUyMiUzQSUyMnBsJTIyJTJDJTIycGwlMjIlM0ExJTdEJTJDJTIybGl0ZXJhbHNJbkxhbmclMjIlM0ElN0IlMjIxJTIyJTNBJTdCJTIybGFiZWwxJTIyJTNBJTIyT2QlMjIlMkMlMjJsYWJlbDIlMjIlM0ElMjJEbyUyMiUyQyUyMmxhYmVsMyUyMiUzQSUyMk9zb2J5JTIyJTJDJTIybGFiZWw0JTIyJTNBJTIyUG9rb2plJTIyJTJDJTIybGFiZWw1JTIyJTNBJTIyTG9rYWxpemFjamUlMjIlMkMlMjJidXR0b24lMjIlM0ElMjJXWUJJRVJaJTIwU1clNUN1MDBkM0olMjBET01FSyUyMiUyQyUyMmRheXMlMjIlM0ElNUIlMjJOZCUyMiUyQyUyMlBvbiUyMiUyQyUyMld0JTIyJTJDJTIyJTVDdTAxNWFyJTIyJTJDJTIyQ3p3JTIyJTJDJTIyUHQlMjIlMkMlMjJTb2IlMjIlNUQlMkMlMjJtb250aHMlMjIlM0ElNUIlMjJTdHljemUlNUN1MDE0NCUyMiUyQyUyMkx1dHklMjIlMkMlMjJNYXJ6ZWMlMjIlMkMlMjJLd2llY2llJTVDdTAxNDQlMjIlMkMlMjJNYWolMjIlMkMlMjJDemVyd2llYyUyMiUyQyUyMkxpcGllYyUyMiUyQyUyMlNpZXJwaWUlNUN1MDE0NCUyMiUyQyUyMldyemVzaWUlNUN1MDE0NCUyMiUyQyUyMlBhJTVDdTAxN2Fkemllcm5payUyMiUyQyUyMkxpc3RvcGFkJTIyJTJDJTIyR3J1ZHppZSU1Q3UwMTQ0JTIyJTVEJTJDJTIydHJpZ2dlciUyMiUzQSUyMlJlemVyd2FjamElMjBvbmxpbmUlMjIlN0QlN0QlN0QlMjklM0IlN0QlMjklM0IlM0MlMkZzY3JpcHQlM0U=[\/vc_raw_js][stm_spacer height=&#8220;160&#8243; height_tablet=&#8220;130&#8243; height_mobile=&#8220;70&#8243;][\/vc_column][\/vc_row]\n          <\/p>\n","protected":false},"excerpt":{"rendered":"<p>[vc_row][vc_column][vc_custom_heading text=&#8220;Alles, was Sie brauchen &#8230;. An einem Ort.&#8220; font_container=&#8220;tag:h2|text_align:center&#8220; google_fonts=&#8220;font_family:Montserrat%3Aregular%2C700|font_style:400%20regular%3A400%3Anormal&#8220;][stm_spacer height=&#8220;40&#8243; height_tablet=&#8220;30&#8243; height_mobile=&#8220;20&#8243;][\/vc_column][\/vc_row] [vc_row equal_height=&#8220;yes&#8220; content_placement=&#8220;middle&#8220; shadow_x_offset=&#8220;0&#8243; shadow_y_offset=&#8220;0&#8243; shadow_blur=&#8220;0&#8243; shadow_spread=&#8220;0&#8243;][vc_column shadow_x_offset=&#8220;0&#8243; shadow_y_offset=&#8220;0&#8243; shadow_blur=&#8220;0&#8243; shadow_spread=&#8220;0&#8243; shadow_color=&#8220;&#8220;][vc_column_text] Mosorny Park ist ein gro\u00dfartiger Ort, um f\u00fcr Familien mit Kindern, Freunden, organisierten Gruppen und Paare, die romantische Momente in den charmanten Beskiden zu verbringen. Der Mosorny Park verf\u00fcgt [&hellip;]<\/p>\n","protected":false},"author":1,"featured_media":0,"parent":0,"menu_order":0,"comment_status":"closed","ping_status":"closed","template":"","meta":[],"yoast_head":"<!-- This site is optimized with the Yoast SEO plugin v15.2.1 - https:\/\/yoast.com\/wordpress\/plugins\/seo\/ -->\n<title>Holzh\u00fctten in den Bergen - Mosorny Park - Ca\u0142oroczne drewniane domki w g\u00f3rach. Relaks, wypoczynek, turystyka, przygoda.<\/title>\n<meta name=\"robots\" content=\"index, follow, max-snippet:-1, max-image-preview:large, max-video-preview:-1\" \/>\n<link rel=\"canonical\" href=\"https:\/\/mosornypark.pl\/de\/holzhuetten-in-den-bergen-mosorny-park\/\" \/>\n<meta property=\"og:locale\" content=\"de_DE\" \/>\n<meta property=\"og:type\" content=\"article\" \/>\n<meta property=\"og:title\" content=\"Holzh\u00fctten in den Bergen - Mosorny Park - Ca\u0142oroczne drewniane domki w g\u00f3rach. Relaks, wypoczynek, turystyka, przygoda.\" \/>\n<meta property=\"og:description\" content=\"[vc_row][vc_column][vc_custom_heading text=&#8220;Alles, was Sie brauchen &#8230;. An einem Ort.&#8220; font_container=&#8220;tag:h2|text_align:center&#8220; google_fonts=&#8220;font_family:Montserrat%3Aregular%2C700|font_style:400%20regular%3A400%3Anormal&#8220;][stm_spacer height=&#8220;40&#8243; height_tablet=&#8220;30&#8243; height_mobile=&#8220;20&#8243;][\/vc_column][\/vc_row] [vc_row equal_height=&#8220;yes&#8220; content_placement=&#8220;middle&#8220; shadow_x_offset=&#8220;0&#8243; shadow_y_offset=&#8220;0&#8243; shadow_blur=&#8220;0&#8243; shadow_spread=&#8220;0&#8243;][vc_column shadow_x_offset=&#8220;0&#8243; shadow_y_offset=&#8220;0&#8243; shadow_blur=&#8220;0&#8243; shadow_spread=&#8220;0&#8243; shadow_color=&#8220;&#8220;][vc_column_text] Mosorny Park ist ein gro\u00dfartiger Ort, um f\u00fcr Familien mit Kindern, Freunden, organisierten Gruppen und Paare, die romantische Momente in den charmanten Beskiden zu verbringen. Der Mosorny Park verf\u00fcgt [&hellip;]\" \/>\n<meta property=\"og:url\" content=\"https:\/\/mosornypark.pl\/de\/holzhuetten-in-den-bergen-mosorny-park\/\" \/>\n<meta property=\"og:site_name\" content=\"Ca\u0142oroczne drewniane domki w g\u00f3rach. Relaks, wypoczynek, turystyka, przygoda.\" \/>\n<meta property=\"article:modified_time\" content=\"2020-09-14T11:11:55+00:00\" \/>\n<meta property=\"og:image\" content=\"https:\/\/mosornypark.pl\/wp-content\/uploads\/2020\/10\/mosorny-park-drewniane-domki-caloroczne-1024x563.png\" \/>\n\t<meta property=\"og:image:width\" content=\"1024\" \/>\n\t<meta property=\"og:image:height\" content=\"563\" \/>\n<meta name=\"twitter:card\" content=\"summary_large_image\" \/>\n<meta name=\"twitter:label1\" content=\"Written by\">\n\t<meta name=\"twitter:data1\" content=\"\">\n\t<meta name=\"twitter:label2\" content=\"Est. reading time\">\n\t<meta name=\"twitter:data2\" content=\"3\u00a0Minuten\">\n<script type=\"application\/ld+json\" class=\"yoast-schema-graph\">{\"@context\":\"https:\/\/schema.org\",\"@graph\":[{\"@type\":\"Organization\",\"@id\":\"https:\/\/mosornypark.pl\/#organization\",\"name\":\"Mosorny Park\",\"url\":\"https:\/\/mosornypark.pl\/\",\"sameAs\":[],\"logo\":{\"@type\":\"ImageObject\",\"@id\":\"https:\/\/mosornypark.pl\/#logo\",\"inLanguage\":\"de\",\"url\":\"https:\/\/mosornypark.pl\/wp-content\/uploads\/2020\/07\/logo-mosorny.png\",\"width\":1504,\"height\":601,\"caption\":\"Mosorny Park\"},\"image\":{\"@id\":\"https:\/\/mosornypark.pl\/#logo\"}},{\"@type\":\"WebSite\",\"@id\":\"https:\/\/mosornypark.pl\/#website\",\"url\":\"https:\/\/mosornypark.pl\/\",\"name\":\"Ca\\u0142oroczne drewniane domki w g\\u00f3rach. Relaks, wypoczynek, turystyka, przygoda.\",\"description\":\"Komfortowo wyposa\\u017cone drewniane domki w g\\u00f3rach. Salon, sypialnie, kuchnia, jadalnia, gara\\u017c, 3 \\u0142azienki.\",\"publisher\":{\"@id\":\"https:\/\/mosornypark.pl\/#organization\"},\"potentialAction\":[{\"@type\":\"SearchAction\",\"target\":\"https:\/\/mosornypark.pl\/?s={search_term_string}\",\"query-input\":\"required name=search_term_string\"}],\"inLanguage\":\"de\"},{\"@type\":\"WebPage\",\"@id\":\"https:\/\/mosornypark.pl\/de\/holzhuetten-in-den-bergen-mosorny-park\/#webpage\",\"url\":\"https:\/\/mosornypark.pl\/de\/holzhuetten-in-den-bergen-mosorny-park\/\",\"name\":\"Holzh\\u00fctten in den Bergen - Mosorny Park - Ca\\u0142oroczne drewniane domki w g\\u00f3rach. Relaks, wypoczynek, turystyka, przygoda.\",\"isPartOf\":{\"@id\":\"https:\/\/mosornypark.pl\/#website\"},\"datePublished\":\"2020-08-29T11:59:34+00:00\",\"dateModified\":\"2020-09-14T11:11:55+00:00\",\"inLanguage\":\"de\",\"potentialAction\":[{\"@type\":\"ReadAction\",\"target\":[\"https:\/\/mosornypark.pl\/de\/holzhuetten-in-den-bergen-mosorny-park\/\"]}]}]}<\/script>\n<!-- \/ Yoast SEO plugin. -->","_links":{"self":[{"href":"https:\/\/mosornypark.pl\/de\/wp-json\/wp\/v2\/pages\/3025"}],"collection":[{"href":"https:\/\/mosornypark.pl\/de\/wp-json\/wp\/v2\/pages"}],"about":[{"href":"https:\/\/mosornypark.pl\/de\/wp-json\/wp\/v2\/types\/page"}],"author":[{"embeddable":true,"href":"https:\/\/mosornypark.pl\/de\/wp-json\/wp\/v2\/users\/1"}],"replies":[{"embeddable":true,"href":"https:\/\/mosornypark.pl\/de\/wp-json\/wp\/v2\/comments?post=3025"}],"version-history":[{"count":5,"href":"https:\/\/mosornypark.pl\/de\/wp-json\/wp\/v2\/pages\/3025\/revisions"}],"predecessor-version":[{"id":4366,"href":"https:\/\/mosornypark.pl\/de\/wp-json\/wp\/v2\/pages\/3025\/revisions\/4366"}],"wp:attachment":[{"href":"https:\/\/mosornypark.pl\/de\/wp-json\/wp\/v2\/media?parent=3025"}],"curies":[{"name":"wp","href":"https:\/\/api.w.org\/{rel}","templated":true}]}}